{"id":263,"date":"2024-06-13T13:17:42","date_gmt":"2024-06-13T13:17:42","guid":{"rendered":"https:\/\/ostlitv.no\/?page_id=263"},"modified":"2024-10-10T14:29:36","modified_gmt":"2024-10-10T14:29:36","slug":"oure-content-production","status":"publish","type":"page","link":"https:\/\/ostlitv.no\/?page_id=263","title":{"rendered":"Oure Content Production"},"content":{"rendered":"\n<p class=\"has-x-large-font-size\"><strong>Tar steget inn!<\/strong><\/p>\n\n\n\n<p>\u00d8stli TV har n\u00e5 tatt steget inn i gr\u00fcnder-verdenen! Tidlig i mai m\u00e5ned ble det s\u00f8kt om \u00e5 gj\u00f8re dette til et enkeltpersonsforetak, og den s\u00f8knaden har n\u00e5 g\u00e5tt igjennom, og blitt godkjent <a href=\"https:\/\/ostlitv.no\/?p=471\" data-type=\"link\" data-id=\"https:\/\/ostlitv.no\/?p=471\">(for prisliste og mer informasjon, klikk her)<\/a>!<\/p>\n\n\n\n<p>Dette betyr at \u00d8stli TV \u2013 heretter omtalt som bedriftsnavnet <strong>\u00abOure Content Production\u00bb<\/strong> n\u00e5 er et enkeltpersonsforetak, dermed en bedrift. For ordens skyld, \u00d8stli TV vil fortsatt v\u00e6re navnet utad, men bedriftsnavnet vil da v\u00e6re Oure Content Production.<\/p>\n\n\n\n<figure class=\"wp-block-image\"><img loading=\"lazy\" decoding=\"async\" width=\"375\" height=\"487\" src=\"https:\/\/ostlitv.no\/wp-content\/uploads\/2024\/06\/Skjermbilde-2024-06-13-151415.png\" alt=\"\" class=\"wp-image-261\" srcset=\"https:\/\/ostlitv.no\/wp-content\/uploads\/2024\/06\/Skjermbilde-2024-06-13-151415.png 375w, https:\/\/ostlitv.no\/wp-content\/uploads\/2024\/06\/Skjermbilde-2024-06-13-151415-231x300.png 231w\" sizes=\"auto, (max-width: 375px) 100vw, 375px\" \/><figcaption class=\"wp-element-caption\">Oure Content Production har blitt godkjent som enkeltpersonsforetak!<\/figcaption><\/figure>\n\n\n\n<p class=\"has-x-large-font-size\"><strong>Hva slags oppdrag kan Oure Content Production ta p\u00e5 seg?<\/strong><\/p>\n\n\n\n<p>N\u00e5r alt rundt er oppe og g\u00e5 vil derfor jeg kunne ta p\u00e5 meg oppdrag som blant annet filming, fotografering, produktfotografering, SoMe-innhold, redigeringsoppdrag av film, podcast, grafiske oppdrag av for eksempel SoMe-innhold for en bedrift, eller private, med mer!<\/p>\n\n\n\n<p><a href=\"https:\/\/ostlitv.no\/?p=471\" data-type=\"link\" data-id=\"https:\/\/ostlitv.no\/?p=471\">For prisliste og mer informasjon, klikk her!<\/a><\/p>\n\n\n\n<p class=\"has-x-large-font-size\"><strong>Ta kontakt!<\/strong><\/p>\n\n\n\n<p>Skulle du trenge noen som kan gj\u00f8re dette for deg? Da tar du kontakt p\u00e5 ostlitv@gmail.com, eller kontakt via facebook.<\/p>\n\n\n\n<p><strong><em>Oure Content Production har organisasjonsummeret:&nbsp;933 544 532<\/em><\/strong><\/p>\n","protected":false},"excerpt":{"rendered":"<p>Tar steget inn! \u00d8stli TV har n\u00e5 tatt steget inn i gr\u00fcnder-verdenen! Tidlig i mai m\u00e5ned ble det s\u00f8kt om \u00e5 gj\u00f8re dette til et enkeltpersonsforetak, og den s\u00f8knaden har n\u00e5 g\u00e5tt igjennom, og blitt godkjent (for prisliste og mer informasjon, klikk her)! Dette betyr at \u00d8stli TV \u2013 heretter omtalt som bedriftsnavnet \u00abOure Content [&hellip;]<\/p>\n","protected":false},"author":1,"featured_media":260,"parent":0,"menu_order":0,"comment_status":"closed","ping_status":"closed","template":"","meta":{"footnotes":""},"class_list":["post-263","page","type-page","status-publish","has-post-thumbnail","hentry"],"_links":{"self":[{"href":"https:\/\/ostlitv.no\/index.php?rest_route=\/wp\/v2\/pages\/263","targetHints":{"allow":["GET"]}}],"collection":[{"href":"https:\/\/ostlitv.no\/index.php?rest_route=\/wp\/v2\/pages"}],"about":[{"href":"https:\/\/ostlitv.no\/index.php?rest_route=\/wp\/v2\/types\/page"}],"author":[{"embeddable":true,"href":"https:\/\/ostlitv.no\/index.php?rest_route=\/wp\/v2\/users\/1"}],"replies":[{"embeddable":true,"href":"https:\/\/ostlitv.no\/index.php?rest_route=%2Fwp%2Fv2%2Fcomments&post=263"}],"version-history":[{"count":3,"href":"https:\/\/ostlitv.no\/index.php?rest_route=\/wp\/v2\/pages\/263\/revisions"}],"predecessor-version":[{"id":481,"href":"https:\/\/ostlitv.no\/index.php?rest_route=\/wp\/v2\/pages\/263\/revisions\/481"}],"wp:featuredmedia":[{"embeddable":true,"href":"https:\/\/ostlitv.no\/index.php?rest_route=\/wp\/v2\/media\/260"}],"wp:attachment":[{"href":"https:\/\/ostlitv.no\/index.php?rest_route=%2Fwp%2Fv2%2Fmedia&parent=263"}],"curies":[{"name":"wp","href":"https:\/\/api.w.org\/{rel}","templated":true}]}}